{"id":52,"date":"2022-02-19T17:34:47","date_gmt":"2022-02-19T16:34:47","guid":{"rendered":"http:\/\/kancelaria.olenska.pl\/?page_id=52"},"modified":"2022-03-06T17:53:58","modified_gmt":"2022-03-06T16:53:58","slug":"porady-online","status":"publish","type":"page","link":"https:\/\/kancelaria.olenska.pl\/?page_id=52","title":{"rendered":"Porady Online"},"content":{"rendered":"\t\t<div data-elementor-type=\"wp-page\" data-elementor-id=\"52\" class=\"elementor elementor-52\">\n\t\t\t\t\t\t<section class=\"elementor-section elementor-top-section elementor-element elementor-element-213140a4 elementor-section-full_width elementor-section-content-top elementor-section-height-default elementor-section-height-default\" data-id=\"213140a4\" data-element_type=\"section\" data-settings=\"{&quot;background_background&quot;:&quot;slideshow&quot;,&quot;background_slideshow_gallery&quot;:[{&quot;id&quot;:172,&quot;url&quot;:&quot;http:\\\/\\\/kancelaria.olenska.pl\\\/wp-content\\\/uploads\\\/2022\\\/02\\\/iStock-1193283998-scaled.jpg&quot;},{&quot;id&quot;:231,&quot;url&quot;:&quot;http:\\\/\\\/kancelaria.olenska.pl\\\/wp-content\\\/uploads\\\/2022\\\/02\\\/iStock-1142103612-1-scaled.jpg&quot;},{&quot;id&quot;:15,&quot;url&quot;:&quot;http:\\\/\\\/kancelaria.olenska.pl\\\/wp-content\\\/uploads\\\/2022\\\/02\\\/pexels-ekaterina-bolovtsova-6077797.jpg&quot;},{&quot;id&quot;:241,&quot;url&quot;:&quot;http:\\\/\\\/kancelaria.olenska.pl\\\/wp-content\\\/uploads\\\/2022\\\/02\\\/MG_35701.jpg&quot;}],&quot;background_slideshow_ken_burns&quot;:&quot;yes&quot;,&quot;background_slideshow_loop&quot;:&quot;yes&quot;,&quot;background_slideshow_slide_duration&quot;:5000,&quot;background_slideshow_slide_transition&quot;:&quot;fade&quot;,&quot;background_slideshow_transition_duration&quot;:500,&quot;background_slideshow_ken_burns_zoom_direction&quot;:&quot;in&quot;}\">\n\t\t\t\t\t\t\t<div class=\"elementor-background-overlay\"><\/div>\n\t\t\t\t\t\t\t<div class=\"elementor-container elementor-column-gap-default\">\n\t\t\t\t\t<div class=\"elementor-column elementor-col-100 elementor-top-column elementor-element elementor-element-62a05d83\" data-id=\"62a05d83\" data-element_type=\"column\">\n\t\t\t<div class=\"elementor-widget-wrap elementor-element-populated\">\n\t\t\t\t\t\t<div class=\"elementor-element elementor-element-68566a39 elementor-widget elementor-widget-spacer\" data-id=\"68566a39\" data-element_type=\"widget\" data-widget_type=\"spacer.default\">\n\t\t\t\t<div class=\"elementor-widget-container\">\n\t\t\t<style>\/*! elementor - v3.21.0 - 30-04-2024 *\/\n.elementor-column .elementor-spacer-inner{height:var(--spacer-size)}.e-con{--container-widget-width:100%}.e-con-inner>.elementor-widget-spacer,.e-con>.elementor-widget-spacer{width:var(--container-widget-width,var(--spacer-size));--align-self:var(--container-widget-align-self,initial);--flex-shrink:0}.e-con-inner>.elementor-widget-spacer>.elementor-widget-container,.e-con>.elementor-widget-spacer>.elementor-widget-container{height:100%;width:100%}.e-con-inner>.elementor-widget-spacer>.elementor-widget-container>.elementor-spacer,.e-con>.elementor-widget-spacer>.elementor-widget-container>.elementor-spacer{height:100%}.e-con-inner>.elementor-widget-spacer>.elementor-widget-container>.elementor-spacer>.elementor-spacer-inner,.e-con>.elementor-widget-spacer>.elementor-widget-container>.elementor-spacer>.elementor-spacer-inner{height:var(--container-widget-height,var(--spacer-size))}.e-con-inner>.elementor-widget-spacer.elementor-widget-empty,.e-con>.elementor-widget-spacer.elementor-widget-empty{position:relative;min-height:22px;min-width:22px}.e-con-inner>.elementor-widget-spacer.elementor-widget-empty .elementor-widget-empty-icon,.e-con>.elementor-widget-spacer.elementor-widget-empty .elementor-widget-empty-icon{position:absolute;top:0;bottom:0;left:0;right:0;margin:auto;padding:0;width:22px;height:22px}<\/style>\t\t<div class=\"elementor-spacer\">\n\t\t\t<div class=\"elementor-spacer-inner\"><\/div>\n\t\t<\/div>\n\t\t\t\t<\/div>\n\t\t\t\t<\/div>\n\t\t\t\t\t<\/div>\n\t\t<\/div>\n\t\t\t\t\t<\/div>\n\t\t<\/section>\n\t\t\t\t<section class=\"elementor-section elementor-top-section elementor-element elementor-element-7e0d7a69 elementor-section-boxed elementor-section-height-default elementor-section-height-default\" data-id=\"7e0d7a69\" data-element_type=\"section\">\n\t\t\t\t\t\t<div class=\"elementor-container elementor-column-gap-default\">\n\t\t\t\t\t<div class=\"elementor-column elementor-col-100 elementor-top-column elementor-element elementor-element-7d27b273\" data-id=\"7d27b273\" data-element_type=\"column\">\n\t\t\t<div class=\"elementor-widget-wrap elementor-element-populated\">\n\t\t\t\t\t\t<div class=\"elementor-element elementor-element-770a6e84 elementor-widget elementor-widget-heading\" data-id=\"770a6e84\" data-element_type=\"widget\" data-widget_type=\"heading.default\">\n\t\t\t\t<div class=\"elementor-widget-container\">\n\t\t\t<style>\/*! elementor - v3.21.0 - 30-04-2024 *\/\n.elementor-heading-title{padding:0;margin:0;line-height:1}.elementor-widget-heading .elementor-heading-title[class*=elementor-size-]>a{color:inherit;font-size:inherit;line-height:inherit}.elementor-widget-heading .elementor-heading-title.elementor-size-small{font-size:15px}.elementor-widget-heading .elementor-heading-title.elementor-size-medium{font-size:19px}.elementor-widget-heading .elementor-heading-title.elementor-size-large{font-size:29px}.elementor-widget-heading .elementor-heading-title.elementor-size-xl{font-size:39px}.elementor-widget-heading .elementor-heading-title.elementor-size-xxl{font-size:59px}<\/style><h1 class=\"elementor-heading-title elementor-size-default\">Porady Online<\/h1>\t\t<\/div>\n\t\t\t\t<\/div>\n\t\t\t\t<div class=\"elementor-element elementor-element-3e371e29 elementor-widget-divider--view-line_icon elementor-view-default elementor-widget-divider--element-align-center elementor-widget elementor-widget-divider\" data-id=\"3e371e29\" data-element_type=\"widget\" data-widget_type=\"divider.default\">\n\t\t\t\t<div class=\"elementor-widget-container\">\n\t\t\t<style>\/*! elementor - v3.21.0 - 30-04-2024 *\/\n.elementor-widget-divider{--divider-border-style:none;--divider-border-width:1px;--divider-color:#0c0d0e;--divider-icon-size:20px;--divider-element-spacing:10px;--divider-pattern-height:24px;--divider-pattern-size:20px;--divider-pattern-url:none;--divider-pattern-repeat:repeat-x}.elementor-widget-divider .elementor-divider{display:flex}.elementor-widget-divider .elementor-divider__text{font-size:15px;line-height:1;max-width:95%}.elementor-widget-divider .elementor-divider__element{margin:0 var(--divider-element-spacing);flex-shrink:0}.elementor-widget-divider .elementor-icon{font-size:var(--divider-icon-size)}.elementor-widget-divider .elementor-divider-separator{display:flex;margin:0;direction:ltr}.elementor-widget-divider--view-line_icon .elementor-divider-separator,.elementor-widget-divider--view-line_text .elementor-divider-separator{align-items:center}.elementor-widget-divider--view-line_icon .elementor-divider-separator:after,.elementor-widget-divider--view-line_icon .elementor-divider-separator:before,.elementor-widget-divider--view-line_text .elementor-divider-separator:after,.elementor-widget-divider--view-line_text .elementor-divider-separator:before{display:block;content:\"\";border-block-end:0;flex-grow:1;border-block-start:var(--divider-border-width) var(--divider-border-style) var(--divider-color)}.elementor-widget-divider--element-align-left .elementor-divider .elementor-divider-separator>.elementor-divider__svg:first-of-type{flex-grow:0;flex-shrink:100}.elementor-widget-divider--element-align-left .elementor-divider-separator:before{content:none}.elementor-widget-divider--element-align-left .elementor-divider__element{margin-left:0}.elementor-widget-divider--element-align-right .elementor-divider .elementor-divider-separator>.elementor-divider__svg:last-of-type{flex-grow:0;flex-shrink:100}.elementor-widget-divider--element-align-right .elementor-divider-separator:after{content:none}.elementor-widget-divider--element-align-right .elementor-divider__element{margin-right:0}.elementor-widget-divider--element-align-start .elementor-divider .elementor-divider-separator>.elementor-divider__svg:first-of-type{flex-grow:0;flex-shrink:100}.elementor-widget-divider--element-align-start .elementor-divider-separator:before{content:none}.elementor-widget-divider--element-align-start .elementor-divider__element{margin-inline-start:0}.elementor-widget-divider--element-align-end .elementor-divider .elementor-divider-separator>.elementor-divider__svg:last-of-type{flex-grow:0;flex-shrink:100}.elementor-widget-divider--element-align-end .elementor-divider-separator:after{content:none}.elementor-widget-divider--element-align-end .elementor-divider__element{margin-inline-end:0}.elementor-widget-divider:not(.elementor-widget-divider--view-line_text):not(.elementor-widget-divider--view-line_icon) .elementor-divider-separator{border-block-start:var(--divider-border-width) var(--divider-border-style) var(--divider-color)}.elementor-widget-divider--separator-type-pattern{--divider-border-style:none}.elementor-widget-divider--separator-type-pattern.elementor-widget-divider--view-line .elementor-divider-separator,.elementor-widget-divider--separator-type-pattern:not(.elementor-widget-divider--view-line) .elementor-divider-separator:after,.elementor-widget-divider--separator-type-pattern:not(.elementor-widget-divider--view-line) .elementor-divider-separator:before,.elementor-widget-divider--separator-type-pattern:not([class*=elementor-widget-divider--view]) .elementor-divider-separator{width:100%;min-height:var(--divider-pattern-height);-webkit-mask-size:var(--divider-pattern-size) 100%;mask-size:var(--divider-pattern-size) 100%;-webkit-mask-repeat:var(--divider-pattern-repeat);mask-repeat:var(--divider-pattern-repeat);background-color:var(--divider-color);-webkit-mask-image:var(--divider-pattern-url);mask-image:var(--divider-pattern-url)}.elementor-widget-divider--no-spacing{--divider-pattern-size:auto}.elementor-widget-divider--bg-round{--divider-pattern-repeat:round}.rtl .elementor-widget-divider .elementor-divider__text{direction:rtl}.e-con-inner>.elementor-widget-divider,.e-con>.elementor-widget-divider{width:var(--container-widget-width,100%);--flex-grow:var(--container-widget-flex-grow)}<\/style>\t\t<div class=\"elementor-divider\">\n\t\t\t<span class=\"elementor-divider-separator\">\n\t\t\t\t\t\t\t<div class=\"elementor-icon elementor-divider__element\">\n\t\t\t\t\t<i aria-hidden=\"true\" class=\"far fa-bookmark\"><\/i><\/div>\n\t\t\t\t\t\t<\/span>\n\t\t<\/div>\n\t\t\t\t<\/div>\n\t\t\t\t<\/div>\n\t\t\t\t<div class=\"elementor-element elementor-element-3ec94f2 elementor-widget elementor-widget-text-editor\" data-id=\"3ec94f2\" data-element_type=\"widget\" data-widget_type=\"text-editor.default\">\n\t\t\t\t<div class=\"elementor-widget-container\">\n\t\t\t<style>\/*! elementor - v3.21.0 - 30-04-2024 *\/\n.elementor-widget-text-editor.elementor-drop-cap-view-stacked .elementor-drop-cap{background-color:#69727d;color:#fff}.elementor-widget-text-editor.elementor-drop-cap-view-framed .elementor-drop-cap{color:#69727d;border:3px solid;background-color:transparent}.elementor-widget-text-editor:not(.elementor-drop-cap-view-default) .elementor-drop-cap{margin-top:8px}.elementor-widget-text-editor:not(.elementor-drop-cap-view-default) .elementor-drop-cap-letter{width:1em;height:1em}.elementor-widget-text-editor .elementor-drop-cap{float:left;text-align:center;line-height:1;font-size:50px}.elementor-widget-text-editor .elementor-drop-cap-letter{display:inline-block}<\/style>\t\t\t\t<p>Proponujemy Pa\u0144stwu r\u00f3wnie\u017c, opr\u00f3cz tradycyjnej formy udzielania porad prawnych, skorzystanie z porady online.<br>Metoda ta pozwoli Pa\u0144stwu uzyska\u0107 profesjonaln\u0105 i szybk\u0105 odpowied\u017a na pytania prawne.<br>Prosimy o przedstawienie zarysu Pa\u0144stwa problemu w formularzu kontaktowym lub o bezpo\u015bredni kontakt telefoniczny. <br>Zapewniamy niezw\u0142oczne udzielenie odpowiedzi na Pa\u0144stwa zapytanie lub w razie potrzeby skontaktujemy si\u0119 z Pa\u0144stwem telefonicznie celem wyja\u015bnienia jakich informacji i dokument\u00f3w potrzebujemy, ustalimy zasady i czas wykonania us\u0142ugi tak, \u017ceby spe\u0142ni\u0107 Pa\u0144stwa oczekiwania.<\/p>\t\t\t\t\t\t<\/div>\n\t\t\t\t<\/div>\n\t\t\t\t<div class=\"elementor-element elementor-element-740338d6 elementor-align-center elementor-widget elementor-widget-button\" data-id=\"740338d6\" data-element_type=\"widget\" data-widget_type=\"button.default\">\n\t\t\t\t<div class=\"elementor-widget-container\">\n\t\t\t\t\t<div class=\"elementor-button-wrapper\">\n\t\t\t<a class=\"elementor-button elementor-button-link elementor-size-lg elementor-animation-grow\" href=\"http:\/\/kancelaria.olenska.pl\/?page_id=55\">\n\t\t\t\t\t\t<span class=\"elementor-button-content-wrapper\">\n\t\t\t\t\t\t<span class=\"elementor-button-icon elementor-align-icon-left\">\n\t\t\t\t<i aria-hidden=\"true\" class=\"far fa-address-book\"><\/i>\t\t\t<\/span>\n\t\t\t\t\t\t\t\t\t<span class=\"elementor-button-text\">Napisz do nas<\/span>\n\t\t\t\t\t<\/span>\n\t\t\t\t\t<\/a>\n\t\t<\/div>\n\t\t\t\t<\/div>\n\t\t\t\t<\/div>\n\t\t\t\t\t<\/div>\n\t\t<\/div>\n\t\t\t\t\t<\/div>\n\t\t<\/section>\n\t\t\t\t<\/div>\n\t\t","protected":false},"excerpt":{"rendered":"<p>Porady Online Proponujemy Pa\u0144stwu r\u00f3wnie\u017c, opr\u00f3cz tradycyjnej formy udzielania porad prawnych, skorzystanie z porady online.Metoda ta pozwoli Pa\u0144stwu uzyska\u0107 profesjonaln\u0105 i szybk\u0105 odpowied\u017a na pytania prawne.Prosimy o przedstawienie zarysu Pa\u0144stwa problemu w formularzu kontaktowym lub o bezpo\u015bredni kontakt telefoniczny. Zapewniamy niezw\u0142oczne udzielenie odpowiedzi na Pa\u0144stwa zapytanie lub w razie potrzeby skontaktujemy si\u0119 z Pa\u0144stwem telefonicznie [&hellip;]<\/p>\n","protected":false},"author":2,"featured_media":0,"parent":0,"menu_order":0,"comment_status":"closed","ping_status":"closed","template":"","meta":{"footnotes":""},"yoast_head":"<!-- This site is optimized with the Yoast SEO plugin v22.6 - https:\/\/yoast.com\/wordpress\/plugins\/seo\/ -->\n<title>Porady Online -<\/title>\n<meta name=\"robots\" content=\"index, follow, max-snippet:-1, max-image-preview:large, max-video-preview:-1\" \/>\n<link rel=\"canonical\" href=\"https:\/\/kancelaria.olenska.pl\/?page_id=52\" \/>\n<meta property=\"og:locale\" content=\"en_US\" \/>\n<meta property=\"og:type\" content=\"article\" \/>\n<meta property=\"og:title\" content=\"Porady Online -\" \/>\n<meta property=\"og:description\" content=\"Porady Online Proponujemy Pa\u0144stwu r\u00f3wnie\u017c, opr\u00f3cz tradycyjnej formy udzielania porad prawnych, skorzystanie z porady online.Metoda ta pozwoli Pa\u0144stwu uzyska\u0107 profesjonaln\u0105 i szybk\u0105 odpowied\u017a na pytania prawne.Prosimy o przedstawienie zarysu Pa\u0144stwa problemu w formularzu kontaktowym lub o bezpo\u015bredni kontakt telefoniczny. Zapewniamy niezw\u0142oczne udzielenie odpowiedzi na Pa\u0144stwa zapytanie lub w razie potrzeby skontaktujemy si\u0119 z Pa\u0144stwem telefonicznie [&hellip;]\" \/>\n<meta property=\"og:url\" content=\"https:\/\/kancelaria.olenska.pl\/?page_id=52\" \/>\n<meta property=\"article:modified_time\" content=\"2022-03-06T16:53:58+00:00\" \/>\n<meta name=\"twitter:card\" content=\"summary_large_image\" \/>\n<meta name=\"twitter:label1\" content=\"Est. reading time\" \/>\n\t<meta name=\"twitter:data1\" content=\"1 minute\" \/>\n<script type=\"application\/ld+json\" class=\"yoast-schema-graph\">{\"@context\":\"https:\/\/schema.org\",\"@graph\":[{\"@type\":\"WebPage\",\"@id\":\"https:\/\/kancelaria.olenska.pl\/?page_id=52\",\"url\":\"https:\/\/kancelaria.olenska.pl\/?page_id=52\",\"name\":\"Porady Online -\",\"isPartOf\":{\"@id\":\"https:\/\/kancelaria.olenska.pl\/#website\"},\"datePublished\":\"2022-02-19T16:34:47+00:00\",\"dateModified\":\"2022-03-06T16:53:58+00:00\",\"breadcrumb\":{\"@id\":\"https:\/\/kancelaria.olenska.pl\/?page_id=52#breadcrumb\"},\"inLanguage\":\"en-US\",\"potentialAction\":[{\"@type\":\"ReadAction\",\"target\":[\"https:\/\/kancelaria.olenska.pl\/?page_id=52\"]}]},{\"@type\":\"BreadcrumbList\",\"@id\":\"https:\/\/kancelaria.olenska.pl\/?page_id=52#breadcrumb\",\"itemListElement\":[{\"@type\":\"ListItem\",\"position\":1,\"name\":\"Home\",\"item\":\"https:\/\/kancelaria.olenska.pl\/\"},{\"@type\":\"ListItem\",\"position\":2,\"name\":\"Porady Online\"}]},{\"@type\":\"WebSite\",\"@id\":\"https:\/\/kancelaria.olenska.pl\/#website\",\"url\":\"https:\/\/kancelaria.olenska.pl\/\",\"name\":\"\",\"description\":\"\ud83d\udcde +48 606 905 130 \u2709 kancelaria@olenska.pl\",\"potentialAction\":[{\"@type\":\"SearchAction\",\"target\":{\"@type\":\"EntryPoint\",\"urlTemplate\":\"https:\/\/kancelaria.olenska.pl\/?s={search_term_string}\"},\"query-input\":\"required name=search_term_string\"}],\"inLanguage\":\"en-US\"}]}<\/script>\n<!-- \/ Yoast SEO plugin. -->","yoast_head_json":{"title":"Porady Online -","robots":{"index":"index","follow":"follow","max-snippet":"max-snippet:-1","max-image-preview":"max-image-preview:large","max-video-preview":"max-video-preview:-1"},"canonical":"https:\/\/kancelaria.olenska.pl\/?page_id=52","og_locale":"en_US","og_type":"article","og_title":"Porady Online -","og_description":"Porady Online Proponujemy Pa\u0144stwu r\u00f3wnie\u017c, opr\u00f3cz tradycyjnej formy udzielania porad prawnych, skorzystanie z porady online.Metoda ta pozwoli Pa\u0144stwu uzyska\u0107 profesjonaln\u0105 i szybk\u0105 odpowied\u017a na pytania prawne.Prosimy o przedstawienie zarysu Pa\u0144stwa problemu w formularzu kontaktowym lub o bezpo\u015bredni kontakt telefoniczny. Zapewniamy niezw\u0142oczne udzielenie odpowiedzi na Pa\u0144stwa zapytanie lub w razie potrzeby skontaktujemy si\u0119 z Pa\u0144stwem telefonicznie [&hellip;]","og_url":"https:\/\/kancelaria.olenska.pl\/?page_id=52","article_modified_time":"2022-03-06T16:53:58+00:00","twitter_card":"summary_large_image","twitter_misc":{"Est. reading time":"1 minute"},"schema":{"@context":"https:\/\/schema.org","@graph":[{"@type":"WebPage","@id":"https:\/\/kancelaria.olenska.pl\/?page_id=52","url":"https:\/\/kancelaria.olenska.pl\/?page_id=52","name":"Porady Online -","isPartOf":{"@id":"https:\/\/kancelaria.olenska.pl\/#website"},"datePublished":"2022-02-19T16:34:47+00:00","dateModified":"2022-03-06T16:53:58+00:00","breadcrumb":{"@id":"https:\/\/kancelaria.olenska.pl\/?page_id=52#breadcrumb"},"inLanguage":"en-US","potentialAction":[{"@type":"ReadAction","target":["https:\/\/kancelaria.olenska.pl\/?page_id=52"]}]},{"@type":"BreadcrumbList","@id":"https:\/\/kancelaria.olenska.pl\/?page_id=52#breadcrumb","itemListElement":[{"@type":"ListItem","position":1,"name":"Home","item":"https:\/\/kancelaria.olenska.pl\/"},{"@type":"ListItem","position":2,"name":"Porady Online"}]},{"@type":"WebSite","@id":"https:\/\/kancelaria.olenska.pl\/#website","url":"https:\/\/kancelaria.olenska.pl\/","name":"","description":"\ud83d\udcde +48 606 905 130 \u2709 kancelaria@olenska.pl","potentialAction":[{"@type":"SearchAction","target":{"@type":"EntryPoint","urlTemplate":"https:\/\/kancelaria.olenska.pl\/?s={search_term_string}"},"query-input":"required name=search_term_string"}],"inLanguage":"en-US"}]}},"_links":{"self":[{"href":"https:\/\/kancelaria.olenska.pl\/index.php?rest_route=\/wp\/v2\/pages\/52"}],"collection":[{"href":"https:\/\/kancelaria.olenska.pl\/index.php?rest_route=\/wp\/v2\/pages"}],"about":[{"href":"https:\/\/kancelaria.olenska.pl\/index.php?rest_route=\/wp\/v2\/types\/page"}],"author":[{"embeddable":true,"href":"https:\/\/kancelaria.olenska.pl\/index.php?rest_route=\/wp\/v2\/users\/2"}],"replies":[{"embeddable":true,"href":"https:\/\/kancelaria.olenska.pl\/index.php?rest_route=%2Fwp%2Fv2%2Fcomments&post=52"}],"version-history":[{"count":38,"href":"https:\/\/kancelaria.olenska.pl\/index.php?rest_route=\/wp\/v2\/pages\/52\/revisions"}],"predecessor-version":[{"id":418,"href":"https:\/\/kancelaria.olenska.pl\/index.php?rest_route=\/wp\/v2\/pages\/52\/revisions\/418"}],"wp:attachment":[{"href":"https:\/\/kancelaria.olenska.pl\/index.php?rest_route=%2Fwp%2Fv2%2Fmedia&parent=52"}],"curies":[{"name":"wp","href":"https:\/\/api.w.org\/{rel}","templated":true}]}}