{"id":55,"date":"2022-02-19T17:34:47","date_gmt":"2022-02-19T16:34:47","guid":{"rendered":"http:\/\/kancelaria.olenska.pl\/?page_id=55"},"modified":"2024-05-08T19:13:34","modified_gmt":"2024-05-08T17:13:34","slug":"kontakt","status":"publish","type":"page","link":"https:\/\/kancelaria.olenska.pl\/?page_id=55","title":{"rendered":"Kontakt"},"content":{"rendered":"\t\t<div data-elementor-type=\"wp-page\" data-elementor-id=\"55\" class=\"elementor elementor-55\">\n\t\t\t\t\t\t<section class=\"elementor-section elementor-top-section elementor-element elementor-element-702a21fe elementor-section-boxed elementor-section-height-default elementor-section-height-default\" data-id=\"702a21fe\" data-element_type=\"section\">\n\t\t\t\t\t\t<div class=\"elementor-container elementor-column-gap-default\">\n\t\t\t\t\t<div class=\"elementor-column elementor-col-100 elementor-top-column elementor-element elementor-element-3fce365e\" data-id=\"3fce365e\" data-element_type=\"column\">\n\t\t\t<div class=\"elementor-widget-wrap elementor-element-populated\">\n\t\t\t\t\t\t<div class=\"elementor-element elementor-element-b062f9e elementor-widget elementor-widget-heading\" data-id=\"b062f9e\" data-element_type=\"widget\" data-widget_type=\"heading.default\">\n\t\t\t\t<div class=\"elementor-widget-container\">\n\t\t\t<style>\/*! elementor - v3.21.0 - 30-04-2024 *\/\n.elementor-heading-title{padding:0;margin:0;line-height:1}.elementor-widget-heading .elementor-heading-title[class*=elementor-size-]>a{color:inherit;font-size:inherit;line-height:inherit}.elementor-widget-heading .elementor-heading-title.elementor-size-small{font-size:15px}.elementor-widget-heading .elementor-heading-title.elementor-size-medium{font-size:19px}.elementor-widget-heading .elementor-heading-title.elementor-size-large{font-size:29px}.elementor-widget-heading .elementor-heading-title.elementor-size-xl{font-size:39px}.elementor-widget-heading .elementor-heading-title.elementor-size-xxl{font-size:59px}<\/style><h1 class=\"elementor-heading-title elementor-size-default\">ZAPRASZAMY DO KONTAKTU<\/h1>\t\t<\/div>\n\t\t\t\t<\/div>\n\t\t\t\t<div class=\"elementor-element elementor-element-7a33730b elementor-widget-divider--view-line_icon elementor-view-default elementor-widget-divider--element-align-center elementor-widget elementor-widget-divider\" data-id=\"7a33730b\" data-element_type=\"widget\" data-widget_type=\"divider.default\">\n\t\t\t\t<div class=\"elementor-widget-container\">\n\t\t\t<style>\/*! elementor - v3.21.0 - 30-04-2024 *\/\n.elementor-widget-divider{--divider-border-style:none;--divider-border-width:1px;--divider-color:#0c0d0e;--divider-icon-size:20px;--divider-element-spacing:10px;--divider-pattern-height:24px;--divider-pattern-size:20px;--divider-pattern-url:none;--divider-pattern-repeat:repeat-x}.elementor-widget-divider .elementor-divider{display:flex}.elementor-widget-divider .elementor-divider__text{font-size:15px;line-height:1;max-width:95%}.elementor-widget-divider .elementor-divider__element{margin:0 var(--divider-element-spacing);flex-shrink:0}.elementor-widget-divider .elementor-icon{font-size:var(--divider-icon-size)}.elementor-widget-divider .elementor-divider-separator{display:flex;margin:0;direction:ltr}.elementor-widget-divider--view-line_icon .elementor-divider-separator,.elementor-widget-divider--view-line_text .elementor-divider-separator{align-items:center}.elementor-widget-divider--view-line_icon .elementor-divider-separator:after,.elementor-widget-divider--view-line_icon .elementor-divider-separator:before,.elementor-widget-divider--view-line_text .elementor-divider-separator:after,.elementor-widget-divider--view-line_text .elementor-divider-separator:before{display:block;content:\"\";border-block-end:0;flex-grow:1;border-block-start:var(--divider-border-width) var(--divider-border-style) var(--divider-color)}.elementor-widget-divider--element-align-left .elementor-divider .elementor-divider-separator>.elementor-divider__svg:first-of-type{flex-grow:0;flex-shrink:100}.elementor-widget-divider--element-align-left .elementor-divider-separator:before{content:none}.elementor-widget-divider--element-align-left .elementor-divider__element{margin-left:0}.elementor-widget-divider--element-align-right .elementor-divider .elementor-divider-separator>.elementor-divider__svg:last-of-type{flex-grow:0;flex-shrink:100}.elementor-widget-divider--element-align-right .elementor-divider-separator:after{content:none}.elementor-widget-divider--element-align-right .elementor-divider__element{margin-right:0}.elementor-widget-divider--element-align-start .elementor-divider .elementor-divider-separator>.elementor-divider__svg:first-of-type{flex-grow:0;flex-shrink:100}.elementor-widget-divider--element-align-start .elementor-divider-separator:before{content:none}.elementor-widget-divider--element-align-start .elementor-divider__element{margin-inline-start:0}.elementor-widget-divider--element-align-end .elementor-divider .elementor-divider-separator>.elementor-divider__svg:last-of-type{flex-grow:0;flex-shrink:100}.elementor-widget-divider--element-align-end .elementor-divider-separator:after{content:none}.elementor-widget-divider--element-align-end .elementor-divider__element{margin-inline-end:0}.elementor-widget-divider:not(.elementor-widget-divider--view-line_text):not(.elementor-widget-divider--view-line_icon) .elementor-divider-separator{border-block-start:var(--divider-border-width) var(--divider-border-style) var(--divider-color)}.elementor-widget-divider--separator-type-pattern{--divider-border-style:none}.elementor-widget-divider--separator-type-pattern.elementor-widget-divider--view-line .elementor-divider-separator,.elementor-widget-divider--separator-type-pattern:not(.elementor-widget-divider--view-line) .elementor-divider-separator:after,.elementor-widget-divider--separator-type-pattern:not(.elementor-widget-divider--view-line) .elementor-divider-separator:before,.elementor-widget-divider--separator-type-pattern:not([class*=elementor-widget-divider--view]) .elementor-divider-separator{width:100%;min-height:var(--divider-pattern-height);-webkit-mask-size:var(--divider-pattern-size) 100%;mask-size:var(--divider-pattern-size) 100%;-webkit-mask-repeat:var(--divider-pattern-repeat);mask-repeat:var(--divider-pattern-repeat);background-color:var(--divider-color);-webkit-mask-image:var(--divider-pattern-url);mask-image:var(--divider-pattern-url)}.elementor-widget-divider--no-spacing{--divider-pattern-size:auto}.elementor-widget-divider--bg-round{--divider-pattern-repeat:round}.rtl .elementor-widget-divider .elementor-divider__text{direction:rtl}.e-con-inner>.elementor-widget-divider,.e-con>.elementor-widget-divider{width:var(--container-widget-width,100%);--flex-grow:var(--container-widget-flex-grow)}<\/style>\t\t<div class=\"elementor-divider\">\n\t\t\t<span class=\"elementor-divider-separator\">\n\t\t\t\t\t\t\t<div class=\"elementor-icon elementor-divider__element\">\n\t\t\t\t\t<i aria-hidden=\"true\" class=\"far fa-bookmark\"><\/i><\/div>\n\t\t\t\t\t\t<\/span>\n\t\t<\/div>\n\t\t\t\t<\/div>\n\t\t\t\t<\/div>\n\t\t\t\t\t<\/div>\n\t\t<\/div>\n\t\t\t\t\t<\/div>\n\t\t<\/section>\n\t\t\t\t<section class=\"elementor-section elementor-top-section elementor-element elementor-element-b563713 elementor-section-boxed elementor-section-height-default elementor-section-height-default\" data-id=\"b563713\" data-element_type=\"section\">\n\t\t\t\t\t\t<div class=\"elementor-container elementor-column-gap-default\">\n\t\t\t\t\t<div class=\"elementor-column elementor-col-50 elementor-top-column elementor-element elementor-element-7d34cb4\" data-id=\"7d34cb4\" data-element_type=\"column\">\n\t\t\t<div class=\"elementor-widget-wrap elementor-element-populated\">\n\t\t\t\t\t\t<div class=\"elementor-element elementor-element-35e5a34b elementor-widget elementor-widget-shortcode\" data-id=\"35e5a34b\" data-element_type=\"widget\" data-widget_type=\"shortcode.default\">\n\t\t\t\t<div class=\"elementor-widget-container\">\n\t\t\t\t\t<div class=\"elementor-shortcode\">\n<div class=\"wpcf7 no-js\" id=\"wpcf7-f4-o1\" lang=\"pl-PL\" dir=\"ltr\">\n<div class=\"screen-reader-response\"><p role=\"status\" aria-live=\"polite\" aria-atomic=\"true\"><\/p> <ul><\/ul><\/div>\n<form action=\"\/index.php?rest_route=%2Fwp%2Fv2%2Fpages%2F55#wpcf7-f4-o1\" method=\"post\" class=\"wpcf7-form init\" aria-label=\"Formularz kontaktowy\" novalidate=\"novalidate\" data-status=\"init\">\n<div style=\"display: none;\">\n<input type=\"hidden\" name=\"_wpcf7\" value=\"4\" \/>\n<input type=\"hidden\" name=\"_wpcf7_version\" value=\"5.9.4\" \/>\n<input type=\"hidden\" name=\"_wpcf7_locale\" value=\"pl_PL\" \/>\n<input type=\"hidden\" name=\"_wpcf7_unit_tag\" value=\"wpcf7-f4-o1\" \/>\n<input type=\"hidden\" name=\"_wpcf7_container_post\" value=\"0\" \/>\n<input type=\"hidden\" name=\"_wpcf7_posted_data_hash\" value=\"\" \/>\n<\/div>\n<p><label> Imi\u0119 i nazwisko<br \/>\n<span class=\"wpcf7-form-control-wrap\" data-name=\"your-name\"><input size=\"40\" class=\"wpcf7-form-control wpcf7-text wpcf7-validates-as-required\" aria-required=\"true\" aria-invalid=\"false\" value=\"\" type=\"text\" name=\"your-name\" \/><\/span> <\/label>\n<\/p>\n<p><label> E-mail<br \/>\n<span class=\"wpcf7-form-control-wrap\" data-name=\"your-email\"><input size=\"40\" class=\"wpcf7-form-control wpcf7-email wpcf7-validates-as-required wpcf7-text wpcf7-validates-as-email\" aria-required=\"true\" aria-invalid=\"false\" value=\"\" type=\"email\" name=\"your-email\" \/><\/span> <\/label>\n<\/p>\n<p><label> Temat<br \/>\n<span class=\"wpcf7-form-control-wrap\" data-name=\"your-subject\"><input size=\"40\" class=\"wpcf7-form-control wpcf7-text wpcf7-validates-as-required\" aria-required=\"true\" aria-invalid=\"false\" value=\"\" type=\"text\" name=\"your-subject\" \/><\/span> <\/label>\n<\/p>\n<p><label> Tre\u015b\u0107 (opcjonalna)<br \/>\n<span class=\"wpcf7-form-control-wrap\" data-name=\"your-message\"><textarea cols=\"40\" rows=\"10\" class=\"wpcf7-form-control wpcf7-textarea\" aria-invalid=\"false\" name=\"your-message\"><\/textarea><\/span> <\/label>\n<\/p>\n<p><span class=\"wpcf7-form-control-wrap\" data-name=\"acceptance-825\"><span class=\"wpcf7-form-control wpcf7-acceptance\"><span class=\"wpcf7-list-item\"><label><input type=\"checkbox\" name=\"acceptance-825\" value=\"1\" aria-invalid=\"false\" \/><span class=\"wpcf7-list-item-label\">Wyra\u017cam zgod\u0119 na przetwarzanie moich danych osobowych (obowi\u0105zkowe)*<\/span><\/label><\/span><\/span><\/span>\n<\/p>\n<p><input class=\"wpcf7-form-control wpcf7-submit has-spinner\" type=\"submit\" value=\"Wy\u015blij\" \/>\n<\/p><div class=\"wpcf7-response-output\" aria-hidden=\"true\"><\/div>\n<\/form>\n<\/div>\n<\/div>\n\t\t\t\t<\/div>\n\t\t\t\t<\/div>\n\t\t\t\t\t<\/div>\n\t\t<\/div>\n\t\t\t\t<div class=\"elementor-column elementor-col-25 elementor-top-column elementor-element elementor-element-c022d6a\" data-id=\"c022d6a\" data-element_type=\"column\">\n\t\t\t<div class=\"elementor-widget-wrap elementor-element-populated\">\n\t\t\t\t\t\t<div class=\"elementor-element elementor-element-6f47d16 elementor-widget elementor-widget-image\" data-id=\"6f47d16\" data-element_type=\"widget\" data-widget_type=\"image.default\">\n\t\t\t\t<div class=\"elementor-widget-container\">\n\t\t\t<style>\/*! elementor - v3.21.0 - 30-04-2024 *\/\n.elementor-widget-image{text-align:center}.elementor-widget-image a{display:inline-block}.elementor-widget-image a img[src$=\".svg\"]{width:48px}.elementor-widget-image img{vertical-align:middle;display:inline-block}<\/style>\t\t\t\t\t\t\t\t\t\t<img fetchpriority=\"high\" decoding=\"async\" width=\"1024\" height=\"683\" src=\"https:\/\/kancelaria.olenska.pl\/wp-content\/uploads\/2022\/02\/MG_3570.jpg\" class=\"attachment-full size-full wp-image-11\" alt=\"\" srcset=\"https:\/\/kancelaria.olenska.pl\/wp-content\/uploads\/2022\/02\/MG_3570.jpg 1024w, https:\/\/kancelaria.olenska.pl\/wp-content\/uploads\/2022\/02\/MG_3570-300x200.jpg 300w, https:\/\/kancelaria.olenska.pl\/wp-content\/uploads\/2022\/02\/MG_3570-768x512.jpg 768w\" sizes=\"(max-width: 1024px) 100vw, 1024px\" \/>\t\t\t\t\t\t\t\t\t\t\t\t\t<\/div>\n\t\t\t\t<\/div>\n\t\t\t\t<div class=\"elementor-element elementor-element-1cd0142 elementor-widget elementor-widget-heading\" data-id=\"1cd0142\" data-element_type=\"widget\" data-widget_type=\"heading.default\">\n\t\t\t\t<div class=\"elementor-widget-container\">\n\t\t\t<h2 class=\"elementor-heading-title elementor-size-default\">Kancelaria Radcy Prawnego\nJoanna Ole\u0144ska<\/h2>\t\t<\/div>\n\t\t\t\t<\/div>\n\t\t\t\t<div class=\"elementor-element elementor-element-acbe354 elementor-widget elementor-widget-spacer\" data-id=\"acbe354\" data-element_type=\"widget\" data-widget_type=\"spacer.default\">\n\t\t\t\t<div class=\"elementor-widget-container\">\n\t\t\t<style>\/*! elementor - v3.21.0 - 30-04-2024 *\/\n.elementor-column .elementor-spacer-inner{height:var(--spacer-size)}.e-con{--container-widget-width:100%}.e-con-inner>.elementor-widget-spacer,.e-con>.elementor-widget-spacer{width:var(--container-widget-width,var(--spacer-size));--align-self:var(--container-widget-align-self,initial);--flex-shrink:0}.e-con-inner>.elementor-widget-spacer>.elementor-widget-container,.e-con>.elementor-widget-spacer>.elementor-widget-container{height:100%;width:100%}.e-con-inner>.elementor-widget-spacer>.elementor-widget-container>.elementor-spacer,.e-con>.elementor-widget-spacer>.elementor-widget-container>.elementor-spacer{height:100%}.e-con-inner>.elementor-widget-spacer>.elementor-widget-container>.elementor-spacer>.elementor-spacer-inner,.e-con>.elementor-widget-spacer>.elementor-widget-container>.elementor-spacer>.elementor-spacer-inner{height:var(--container-widget-height,var(--spacer-size))}.e-con-inner>.elementor-widget-spacer.elementor-widget-empty,.e-con>.elementor-widget-spacer.elementor-widget-empty{position:relative;min-height:22px;min-width:22px}.e-con-inner>.elementor-widget-spacer.elementor-widget-empty .elementor-widget-empty-icon,.e-con>.elementor-widget-spacer.elementor-widget-empty .elementor-widget-empty-icon{position:absolute;top:0;bottom:0;left:0;right:0;margin:auto;padding:0;width:22px;height:22px}<\/style>\t\t<div class=\"elementor-spacer\">\n\t\t\t<div class=\"elementor-spacer-inner\"><\/div>\n\t\t<\/div>\n\t\t\t\t<\/div>\n\t\t\t\t<\/div>\n\t\t\t\t<div class=\"elementor-element elementor-element-1e7dfe5 elementor-widget elementor-widget-text-editor\" data-id=\"1e7dfe5\" data-element_type=\"widget\" data-widget_type=\"text-editor.default\">\n\t\t\t\t<div class=\"elementor-widget-container\">\n\t\t\t<style>\/*! elementor - v3.21.0 - 30-04-2024 *\/\n.elementor-widget-text-editor.elementor-drop-cap-view-stacked .elementor-drop-cap{background-color:#69727d;color:#fff}.elementor-widget-text-editor.elementor-drop-cap-view-framed .elementor-drop-cap{color:#69727d;border:3px solid;background-color:transparent}.elementor-widget-text-editor:not(.elementor-drop-cap-view-default) .elementor-drop-cap{margin-top:8px}.elementor-widget-text-editor:not(.elementor-drop-cap-view-default) .elementor-drop-cap-letter{width:1em;height:1em}.elementor-widget-text-editor .elementor-drop-cap{float:left;text-align:center;line-height:1;font-size:50px}.elementor-widget-text-editor .elementor-drop-cap-letter{display:inline-block}<\/style>\t\t\t\t<p><strong>\u00a0<\/strong>ul. Kapr\u00f3w 19\/4<\/p><p>80-316 Gda\u0144sk<\/p><p>r. pr. Joanna Ole\u0144ska<br \/><img decoding=\"async\" class=\"emoji\" role=\"img\" draggable=\"false\" src=\"https:\/\/s.w.org\/images\/core\/emoji\/13.1.0\/svg\/1f4de.svg\" alt=\"\ud83d\udcde\" \/> +48 606 905 130<br \/>\u2709 kancelaria@olenska.pl<\/p>\t\t\t\t\t\t<\/div>\n\t\t\t\t<\/div>\n\t\t\t\t\t<\/div>\n\t\t<\/div>\n\t\t\t\t<div class=\"elementor-column elementor-col-25 elementor-top-column elementor-element elementor-element-7de5452\" data-id=\"7de5452\" data-element_type=\"column\">\n\t\t\t<div class=\"elementor-widget-wrap elementor-element-populated\">\n\t\t\t\t\t\t<div class=\"elementor-element elementor-element-ea9e757 elementor-widget elementor-widget-google_maps\" data-id=\"ea9e757\" data-element_type=\"widget\" data-widget_type=\"google_maps.default\">\n\t\t\t\t<div class=\"elementor-widget-container\">\n\t\t\t<style>\/*! elementor - v3.21.0 - 30-04-2024 *\/\n.elementor-widget-google_maps .elementor-widget-container{overflow:hidden}.elementor-widget-google_maps .elementor-custom-embed{line-height:0}.elementor-widget-google_maps iframe{height:300px}<\/style>\t\t<div class=\"elementor-custom-embed\">\n\t\t\t<iframe loading=\"lazy\"\n\t\t\t\t\tsrc=\"https:\/\/maps.google.com\/maps?q=Kancelaria%20Radcy%20Prawnego%20kapr%C3%B3w%2019%2F4&#038;t=m&#038;z=10&#038;output=embed&#038;iwloc=near\"\n\t\t\t\t\ttitle=\"Kancelaria Radcy Prawnego kapr\u00f3w 19\/4\"\n\t\t\t\t\taria-label=\"Kancelaria Radcy Prawnego kapr\u00f3w 19\/4\"\n\t\t\t><\/iframe>\n\t\t<\/div>\n\t\t\t\t<\/div>\n\t\t\t\t<\/div>\n\t\t\t\t\t<\/div>\n\t\t<\/div>\n\t\t\t\t\t<\/div>\n\t\t<\/section>\n\t\t\t\t<section class=\"elementor-section elementor-top-section elementor-element elementor-element-55b3b416 elementor-section-boxed elementor-section-height-default elementor-section-height-default\" data-id=\"55b3b416\" data-element_type=\"section\">\n\t\t\t\t\t\t<div class=\"elementor-container elementor-column-gap-default\">\n\t\t\t\t\t<div class=\"elementor-column elementor-col-100 elementor-top-column elementor-element elementor-element-1317254\" data-id=\"1317254\" data-element_type=\"column\">\n\t\t\t<div class=\"elementor-widget-wrap elementor-element-populated\">\n\t\t\t\t\t\t<div class=\"elementor-element elementor-element-6d9434f2 elementor-widget elementor-widget-text-editor\" data-id=\"6d9434f2\" data-element_type=\"widget\" data-widget_type=\"text-editor.default\">\n\t\t\t\t<div class=\"elementor-widget-container\">\n\t\t\t\t\t\t\t<p>* Zapozna\u0142em si\u0119 z Polityk\u0105 prywatno\u015bci serwisu <strong>kancelaria-olenska.pl<\/strong> oraz wyra\u017cam zgod\u0119 na przetwarzanie przez <strong>KANCELARIA RADCY PRAWNEGO JOANNA OLE\u0143SKA<\/strong>, <strong>ul. Kapr\u00f3w 19\/4 <\/strong><strong>80-316 Gda\u0144sk<\/strong>, udost\u0119pnionych przeze mnie danych osobowych na zasadach opisanych w <a href=\"http:\/\/kancelaria.olenska.pl\/?page_id=316\" target=\"_blank\" rel=\"noopener\">Polityce prywatno\u015bci<\/a> dost\u0119pnej w Serwisie.<\/p><p>* O\u015bwiadczam, \u017ce s\u0105 mi znane cele przetwarzania danych oraz moje uprawnienia. Niniejsza zgoda mo\u017ce by\u0107 wycofana w dowolnym czasie poprzez kontakt z Administratorem pod adresem <strong>kancelaria@olenska.pl<\/strong>, bez wp\u0142ywu na zgodno\u015b\u0107 z prawem przetwarzania, kt\u00f3rego dokonano na podstawie zgody przed jej cofni\u0119ciem.<br \/>Wi\u0119cej informacji dotycz\u0105cych przetwarzania danych osobowych &#8211; Obowi\u0105zek Informacyjny<\/p>\t\t\t\t\t\t<\/div>\n\t\t\t\t<\/div>\n\t\t\t\t\t<\/div>\n\t\t<\/div>\n\t\t\t\t\t<\/div>\n\t\t<\/section>\n\t\t\t\t<\/div>\n\t\t","protected":false},"excerpt":{"rendered":"<p>ZAPRASZAMY DO KONTAKTU Kancelaria Radcy Prawnego Joanna Ole\u0144ska \u00a0ul. Kapr\u00f3w 19\/4 80-316 Gda\u0144sk r. pr. Joanna Ole\u0144ska +48 606 905 130\u2709 kancelaria@olenska.pl * Zapozna\u0142em si\u0119 z Polityk\u0105 prywatno\u015bci serwisu kancelaria-olenska.pl oraz wyra\u017cam zgod\u0119 na przetwarzanie przez KANCELARIA RADCY PRAWNEGO JOANNA OLE\u0143SKA, ul. Kapr\u00f3w 19\/4 80-316 Gda\u0144sk, udost\u0119pnionych przeze mnie danych osobowych na zasadach opisanych w [&hellip;]<\/p>\n","protected":false},"author":2,"featured_media":0,"parent":0,"menu_order":0,"comment_status":"closed","ping_status":"closed","template":"","meta":{"footnotes":""},"yoast_head":"<!-- This site is optimized with the Yoast SEO plugin v22.6 - https:\/\/yoast.com\/wordpress\/plugins\/seo\/ -->\n<title>Kontakt -<\/title>\n<meta name=\"robots\" content=\"index, follow, max-snippet:-1, max-image-preview:large, max-video-preview:-1\" \/>\n<link rel=\"canonical\" href=\"https:\/\/kancelaria.olenska.pl\/?page_id=55\" \/>\n<meta property=\"og:locale\" content=\"en_US\" \/>\n<meta property=\"og:type\" content=\"article\" \/>\n<meta property=\"og:title\" content=\"Kontakt -\" \/>\n<meta property=\"og:description\" content=\"ZAPRASZAMY DO KONTAKTU Kancelaria Radcy Prawnego Joanna Ole\u0144ska \u00a0ul. Kapr\u00f3w 19\/4 80-316 Gda\u0144sk r. pr. Joanna Ole\u0144ska +48 606 905 130\u2709 kancelaria@olenska.pl * Zapozna\u0142em si\u0119 z Polityk\u0105 prywatno\u015bci serwisu kancelaria-olenska.pl oraz wyra\u017cam zgod\u0119 na przetwarzanie przez KANCELARIA RADCY PRAWNEGO JOANNA OLE\u0143SKA, ul. Kapr\u00f3w 19\/4 80-316 Gda\u0144sk, udost\u0119pnionych przeze mnie danych osobowych na zasadach opisanych w [&hellip;]\" \/>\n<meta property=\"og:url\" content=\"https:\/\/kancelaria.olenska.pl\/?page_id=55\" \/>\n<meta property=\"article:modified_time\" content=\"2024-05-08T17:13:34+00:00\" \/>\n<meta property=\"og:image\" content=\"http:\/\/kancelaria.olenska.pl\/wp-content\/uploads\/2022\/02\/MG_3570.jpg\" \/>\n<meta name=\"twitter:card\" content=\"summary_large_image\" \/>\n<meta name=\"twitter:label1\" content=\"Est. reading time\" \/>\n\t<meta name=\"twitter:data1\" content=\"1 minute\" \/>\n<script type=\"application\/ld+json\" class=\"yoast-schema-graph\">{\"@context\":\"https:\/\/schema.org\",\"@graph\":[{\"@type\":\"WebPage\",\"@id\":\"https:\/\/kancelaria.olenska.pl\/?page_id=55\",\"url\":\"https:\/\/kancelaria.olenska.pl\/?page_id=55\",\"name\":\"Kontakt -\",\"isPartOf\":{\"@id\":\"https:\/\/kancelaria.olenska.pl\/#website\"},\"primaryImageOfPage\":{\"@id\":\"https:\/\/kancelaria.olenska.pl\/?page_id=55#primaryimage\"},\"image\":{\"@id\":\"https:\/\/kancelaria.olenska.pl\/?page_id=55#primaryimage\"},\"thumbnailUrl\":\"http:\/\/kancelaria.olenska.pl\/wp-content\/uploads\/2022\/02\/MG_3570.jpg\",\"datePublished\":\"2022-02-19T16:34:47+00:00\",\"dateModified\":\"2024-05-08T17:13:34+00:00\",\"breadcrumb\":{\"@id\":\"https:\/\/kancelaria.olenska.pl\/?page_id=55#breadcrumb\"},\"inLanguage\":\"en-US\",\"potentialAction\":[{\"@type\":\"ReadAction\",\"target\":[\"https:\/\/kancelaria.olenska.pl\/?page_id=55\"]}]},{\"@type\":\"ImageObject\",\"inLanguage\":\"en-US\",\"@id\":\"https:\/\/kancelaria.olenska.pl\/?page_id=55#primaryimage\",\"url\":\"https:\/\/kancelaria.olenska.pl\/wp-content\/uploads\/2022\/02\/MG_3570.jpg\",\"contentUrl\":\"https:\/\/kancelaria.olenska.pl\/wp-content\/uploads\/2022\/02\/MG_3570.jpg\",\"width\":1024,\"height\":683},{\"@type\":\"BreadcrumbList\",\"@id\":\"https:\/\/kancelaria.olenska.pl\/?page_id=55#breadcrumb\",\"itemListElement\":[{\"@type\":\"ListItem\",\"position\":1,\"name\":\"Home\",\"item\":\"https:\/\/kancelaria.olenska.pl\/\"},{\"@type\":\"ListItem\",\"position\":2,\"name\":\"Kontakt\"}]},{\"@type\":\"WebSite\",\"@id\":\"https:\/\/kancelaria.olenska.pl\/#website\",\"url\":\"https:\/\/kancelaria.olenska.pl\/\",\"name\":\"\",\"description\":\"\ud83d\udcde +48 606 905 130 \u2709 kancelaria@olenska.pl\",\"potentialAction\":[{\"@type\":\"SearchAction\",\"target\":{\"@type\":\"EntryPoint\",\"urlTemplate\":\"https:\/\/kancelaria.olenska.pl\/?s={search_term_string}\"},\"query-input\":\"required name=search_term_string\"}],\"inLanguage\":\"en-US\"}]}<\/script>\n<!-- \/ Yoast SEO plugin. -->","yoast_head_json":{"title":"Kontakt -","robots":{"index":"index","follow":"follow","max-snippet":"max-snippet:-1","max-image-preview":"max-image-preview:large","max-video-preview":"max-video-preview:-1"},"canonical":"https:\/\/kancelaria.olenska.pl\/?page_id=55","og_locale":"en_US","og_type":"article","og_title":"Kontakt -","og_description":"ZAPRASZAMY DO KONTAKTU Kancelaria Radcy Prawnego Joanna Ole\u0144ska \u00a0ul. Kapr\u00f3w 19\/4 80-316 Gda\u0144sk r. pr. Joanna Ole\u0144ska +48 606 905 130\u2709 kancelaria@olenska.pl * Zapozna\u0142em si\u0119 z Polityk\u0105 prywatno\u015bci serwisu kancelaria-olenska.pl oraz wyra\u017cam zgod\u0119 na przetwarzanie przez KANCELARIA RADCY PRAWNEGO JOANNA OLE\u0143SKA, ul. Kapr\u00f3w 19\/4 80-316 Gda\u0144sk, udost\u0119pnionych przeze mnie danych osobowych na zasadach opisanych w [&hellip;]","og_url":"https:\/\/kancelaria.olenska.pl\/?page_id=55","article_modified_time":"2024-05-08T17:13:34+00:00","og_image":[{"url":"http:\/\/kancelaria.olenska.pl\/wp-content\/uploads\/2022\/02\/MG_3570.jpg"}],"twitter_card":"summary_large_image","twitter_misc":{"Est. reading time":"1 minute"},"schema":{"@context":"https:\/\/schema.org","@graph":[{"@type":"WebPage","@id":"https:\/\/kancelaria.olenska.pl\/?page_id=55","url":"https:\/\/kancelaria.olenska.pl\/?page_id=55","name":"Kontakt -","isPartOf":{"@id":"https:\/\/kancelaria.olenska.pl\/#website"},"primaryImageOfPage":{"@id":"https:\/\/kancelaria.olenska.pl\/?page_id=55#primaryimage"},"image":{"@id":"https:\/\/kancelaria.olenska.pl\/?page_id=55#primaryimage"},"thumbnailUrl":"http:\/\/kancelaria.olenska.pl\/wp-content\/uploads\/2022\/02\/MG_3570.jpg","datePublished":"2022-02-19T16:34:47+00:00","dateModified":"2024-05-08T17:13:34+00:00","breadcrumb":{"@id":"https:\/\/kancelaria.olenska.pl\/?page_id=55#breadcrumb"},"inLanguage":"en-US","potentialAction":[{"@type":"ReadAction","target":["https:\/\/kancelaria.olenska.pl\/?page_id=55"]}]},{"@type":"ImageObject","inLanguage":"en-US","@id":"https:\/\/kancelaria.olenska.pl\/?page_id=55#primaryimage","url":"https:\/\/kancelaria.olenska.pl\/wp-content\/uploads\/2022\/02\/MG_3570.jpg","contentUrl":"https:\/\/kancelaria.olenska.pl\/wp-content\/uploads\/2022\/02\/MG_3570.jpg","width":1024,"height":683},{"@type":"BreadcrumbList","@id":"https:\/\/kancelaria.olenska.pl\/?page_id=55#breadcrumb","itemListElement":[{"@type":"ListItem","position":1,"name":"Home","item":"https:\/\/kancelaria.olenska.pl\/"},{"@type":"ListItem","position":2,"name":"Kontakt"}]},{"@type":"WebSite","@id":"https:\/\/kancelaria.olenska.pl\/#website","url":"https:\/\/kancelaria.olenska.pl\/","name":"","description":"\ud83d\udcde +48 606 905 130 \u2709 kancelaria@olenska.pl","potentialAction":[{"@type":"SearchAction","target":{"@type":"EntryPoint","urlTemplate":"https:\/\/kancelaria.olenska.pl\/?s={search_term_string}"},"query-input":"required name=search_term_string"}],"inLanguage":"en-US"}]}},"_links":{"self":[{"href":"https:\/\/kancelaria.olenska.pl\/index.php?rest_route=\/wp\/v2\/pages\/55"}],"collection":[{"href":"https:\/\/kancelaria.olenska.pl\/index.php?rest_route=\/wp\/v2\/pages"}],"about":[{"href":"https:\/\/kancelaria.olenska.pl\/index.php?rest_route=\/wp\/v2\/types\/page"}],"author":[{"embeddable":true,"href":"https:\/\/kancelaria.olenska.pl\/index.php?rest_route=\/wp\/v2\/users\/2"}],"replies":[{"embeddable":true,"href":"https:\/\/kancelaria.olenska.pl\/index.php?rest_route=%2Fwp%2Fv2%2Fcomments&post=55"}],"version-history":[{"count":76,"href":"https:\/\/kancelaria.olenska.pl\/index.php?rest_route=\/wp\/v2\/pages\/55\/revisions"}],"predecessor-version":[{"id":465,"href":"https:\/\/kancelaria.olenska.pl\/index.php?rest_route=\/wp\/v2\/pages\/55\/revisions\/465"}],"wp:attachment":[{"href":"https:\/\/kancelaria.olenska.pl\/index.php?rest_route=%2Fwp%2Fv2%2Fmedia&parent=55"}],"curies":[{"name":"wp","href":"https:\/\/api.w.org\/{rel}","templated":true}]}}